{"id":111,"date":"2017-09-11T21:43:01","date_gmt":"2017-09-11T19:43:01","guid":{"rendered":"https:\/\/www.jakopes.eu\/?page_id=111"},"modified":"2017-09-11T21:44:49","modified_gmt":"2017-09-11T19:44:49","slug":"kontakt","status":"publish","type":"page","link":"https:\/\/www.jakopes.eu\/?page_id=111","title":{"rendered":"Kontakt"},"content":{"rendered":"<p>Spojen\u00ed na n\u00e1s:<\/p>\n<p>Jarom\u00edr K\u0159etinsk\u00fd\u00a0 &#8230;. 725747101\u00a0 &#8230;&#8230;..\u00a0\u00a0 jakopes@jakopes.eu<\/p>\n<p>Petr Smutn\u00fd\u00a0 &#8230;&#8230;&#8230; 602827908\u00a0 &#8230;&#8230;..\u00a0\u00a0 jakopes@jakopes.eu<\/p>\n<p>&nbsp;<\/p>\n<p>&nbsp;<\/p>\n","protected":false},"excerpt":{"rendered":"<p>Spojen\u00ed na n\u00e1s: Jarom\u00edr K\u0159etinsk\u00fd\u00a0 &#8230;. 725747101\u00a0 &#8230;&#8230;..\u00a0\u00a0 jakopes@jakopes.eu Petr Smutn\u00fd\u00a0 &#8230;&#8230;&#8230; 602827908\u00a0 &#8230;&#8230;..\u00a0\u00a0 jakopes@jakopes.eu &nbsp; &nbsp;<\/p>\n","protected":false},"author":1,"featured_media":0,"parent":0,"menu_order":0,"comment_status":"closed","ping_status":"closed","template":"","meta":{"jetpack_post_was_ever_published":false,"footnotes":""},"class_list":["post-111","page","type-page","status-publish","hentry"],"wppr_data":[],"jetpack_sharing_enabled":true,"jetpack_shortlink":"https:\/\/wp.me\/P98buU-1N","jetpack-related-posts":[{"id":14,"url":"https:\/\/www.jakopes.eu\/?page_id=14","url_meta":{"origin":111,"position":0},"title":"Plak\u00e1t na koncert","author":"admin","date":"06.06.2017","format":false,"excerpt":"","rel":"","context":"Similar post","block_context":{"text":"Similar post","link":""},"img":{"alt_text":"","src":"","width":0,"height":0},"classes":[]},{"id":60,"url":"https:\/\/www.jakopes.eu\/?page_id=60","url_meta":{"origin":111,"position":1},"title":"Fotky","author":"admin","date":"07.06.2017","format":false,"excerpt":"Horak\u016fvka 1.b\u0159ezna 2019 Restaurace SOKOL \"U Sl\u00edpk\u016f\" Bartovice, T\u011b\u0161\u00ednsk\u00e1 ulice\u00a0\u00a0 1.7.2017 Vaje\u010dina \u010cRS \u0160enov 20.5.2017","rel":"","context":"Similar post","block_context":{"text":"Similar post","link":""},"img":{"alt_text":"","src":"","width":0,"height":0},"classes":[]},{"id":46,"url":"https:\/\/www.jakopes.eu\/?page_id=46","url_meta":{"origin":111,"position":2},"title":"Uk\u00e1zky v MP3","author":"admin","date":"06.06.2017","format":false,"excerpt":"Prst\u00fdnek z tr\u00e1vy\u00a0 ............ \u00a0 J K\u0159etinsk\u00fd \/ J K\u0159etinsk\u00fd Hororov\u00e1\u00a0 ..........\u00a0 J K\u0159etinsk\u00fd \/ J K\u0159etinsk\u00fd Pendolino blues\u00a0 ..........\u00a0 J K\u0159etinsk\u00fd \/ J K\u0159etinsk\u00fd Mot\u00fdl\u00a0 ..........\u00a0 J K\u0159etinsk\u00fd \/ J K\u0159etinsk\u00fd","rel":"","context":"Similar post","block_context":{"text":"Similar post","link":""},"img":{"alt_text":"","src":"","width":0,"height":0},"classes":[]},{"id":23,"url":"https:\/\/www.jakopes.eu\/?page_id=23","url_meta":{"origin":111,"position":3},"title":"Texty","author":"admin","date":"06.06.2017","format":false,"excerpt":"Chlap\u00edk od dr\u00e1hy\u00a0\u00a0\u00a0\u00a0\u00a0\u00a0\u00a0\u00a0\u00a0\u00a0\u00a0\u00a0\u00a0\u00a0\u00a0\u00a0\u00a0\u00a0\u00a0\u00a0\u00a0\u00a0\u00a0 J K\u0159etinsk\u00fd\/J K\u0159etinsk\u00fd J\u00e1 v\u017edycky r\u00e1d jezdil tou trat\u00ed, co m\u00e1 to mal\u00fd n\u00e1dra\u017e\u00ed. L\u00edstky prod\u00e1val jeden chlap\u00edk, co v\u00e1m m\u011bl \u00fasm\u011bv ve tv\u00e1\u0159i. \u010cepici starou sam\u00fd saze a bl\u016fzu stokr\u00e1t vypranou, kdy\u017e prod\u00e1val mi jednou l\u00edstek, \u0159ek' mi tu pravdu nepsanou. \u00a0 Rf: Mn\u011b ke \u0161t\u011bst\u00ed\u2026","rel":"","context":"Similar post","block_context":{"text":"Similar post","link":""},"img":{"alt_text":"","src":"","width":0,"height":0},"classes":[]},{"id":27,"url":"https:\/\/www.jakopes.eu\/","url_meta":{"origin":111,"position":4},"title":"Koncerty","author":"admin","date":"06.06.2017","format":false,"excerpt":"Ahoj lidi, leto\u0161n\u00ed hran\u00ed, za\u010d\u00edn\u00e1me v Ostrav\u011b a to 7.3.2026 v Motobaru v Kulturn\u00edm dom\u011b v Bartovic\u00edch (vchod zezadu). Za\u010d\u00e1tek je od 17.00hod. Jeliko\u017e je kapacita omezena, pros\u00edm o zp\u011btnou vazbu, zda se hodl\u00e1te z\u00fa\u010dastnit. \u010cek\u00e1 v\u00e1s p\u00e1r nov\u00fdch p\u00edsni\u010dek a sta\u0159\u00ed kamar\u00e1di. Parkov\u00e1n\u00ed je p\u0159ed kultur\u00e1kem. Jeliko\u017e se kultur\u00e1k\u2026","rel":"","context":"Similar post","block_context":{"text":"Similar post","link":""},"img":{"alt_text":"","src":"https:\/\/i0.wp.com\/www.jakopes.eu\/wp-content\/uploads\/2019\/06\/JAKoPES-SL\u00cdPCI-2019-e1561403961139.jpg?fit=230%2C325&ssl=1&resize=350%2C200","width":350,"height":200},"classes":[]}],"_links":{"self":[{"href":"https:\/\/www.jakopes.eu\/index.php?rest_route=\/wp\/v2\/pages\/111"}],"collection":[{"href":"https:\/\/www.jakopes.eu\/index.php?rest_route=\/wp\/v2\/pages"}],"about":[{"href":"https:\/\/www.jakopes.eu\/index.php?rest_route=\/wp\/v2\/types\/page"}],"author":[{"embeddable":true,"href":"https:\/\/www.jakopes.eu\/index.php?rest_route=\/wp\/v2\/users\/1"}],"replies":[{"embeddable":true,"href":"https:\/\/www.jakopes.eu\/index.php?rest_route=%2Fwp%2Fv2%2Fcomments&post=111"}],"version-history":[{"count":2,"href":"https:\/\/www.jakopes.eu\/index.php?rest_route=\/wp\/v2\/pages\/111\/revisions"}],"predecessor-version":[{"id":114,"href":"https:\/\/www.jakopes.eu\/index.php?rest_route=\/wp\/v2\/pages\/111\/revisions\/114"}],"wp:attachment":[{"href":"https:\/\/www.jakopes.eu\/index.php?rest_route=%2Fwp%2Fv2%2Fmedia&parent=111"}],"curies":[{"name":"wp","href":"https:\/\/api.w.org\/{rel}","templated":true}]}}