{"id":14,"date":"2017-06-06T22:08:02","date_gmt":"2017-06-06T20:08:02","guid":{"rendered":"https:\/\/www.jakopes.eu\/?page_id=14"},"modified":"2019-06-24T21:29:07","modified_gmt":"2019-06-24T19:29:07","slug":"plakat-na-koncert","status":"publish","type":"page","link":"https:\/\/www.jakopes.eu\/?page_id=14","title":{"rendered":"Plak\u00e1t na koncert"},"content":{"rendered":"<p><img loading=\"lazy\" decoding=\"async\" data-attachment-id=\"208\" data-permalink=\"https:\/\/www.jakopes.eu\/?attachment_id=208\" data-orig-file=\"https:\/\/i0.wp.com\/www.jakopes.eu\/wp-content\/uploads\/2019\/06\/JAKoPES-plak\u00e1t-koncert-Horak\u016fvka-16.8.2019.png?fit=1654%2C2339&amp;ssl=1\" data-orig-size=\"1654,2339\" data-comments-opened=\"0\" data-image-meta=\"{&quot;aperture&quot;:&quot;0&quot;,&quot;credit&quot;:&quot;&quot;,&quot;camera&quot;:&quot;&quot;,&quot;caption&quot;:&quot;&quot;,&quot;created_timestamp&quot;:&quot;0&quot;,&quot;copyright&quot;:&quot;&quot;,&quot;focal_length&quot;:&quot;0&quot;,&quot;iso&quot;:&quot;0&quot;,&quot;shutter_speed&quot;:&quot;0&quot;,&quot;title&quot;:&quot;&quot;,&quot;orientation&quot;:&quot;0&quot;}\" data-image-title=\"JAKoPES plak\u00e1t koncert Horak\u016fvka 16.8.2019\" data-image-description=\"\" data-image-caption=\"\" data-medium-file=\"https:\/\/i0.wp.com\/www.jakopes.eu\/wp-content\/uploads\/2019\/06\/JAKoPES-plak\u00e1t-koncert-Horak\u016fvka-16.8.2019.png?fit=212%2C300&amp;ssl=1\" data-large-file=\"https:\/\/i0.wp.com\/www.jakopes.eu\/wp-content\/uploads\/2019\/06\/JAKoPES-plak\u00e1t-koncert-Horak\u016fvka-16.8.2019.png?fit=720%2C1018&amp;ssl=1\" class=\"alignnone size-medium wp-image-208\" src=\"https:\/\/i0.wp.com\/www.jakopes.eu\/wp-content\/uploads\/2019\/06\/JAKoPES-plak\u00e1t-koncert-Horak\u016fvka-16.8.2019.png?resize=212%2C300&#038;ssl=1\" alt=\"\" width=\"212\" height=\"300\" srcset=\"https:\/\/i0.wp.com\/www.jakopes.eu\/wp-content\/uploads\/2019\/06\/JAKoPES-plak\u00e1t-koncert-Horak\u016fvka-16.8.2019.png?resize=212%2C300&amp;ssl=1 212w, https:\/\/i0.wp.com\/www.jakopes.eu\/wp-content\/uploads\/2019\/06\/JAKoPES-plak\u00e1t-koncert-Horak\u016fvka-16.8.2019.png?resize=768%2C1086&amp;ssl=1 768w, https:\/\/i0.wp.com\/www.jakopes.eu\/wp-content\/uploads\/2019\/06\/JAKoPES-plak\u00e1t-koncert-Horak\u016fvka-16.8.2019.png?resize=724%2C1024&amp;ssl=1 724w, https:\/\/i0.wp.com\/www.jakopes.eu\/wp-content\/uploads\/2019\/06\/JAKoPES-plak\u00e1t-koncert-Horak\u016fvka-16.8.2019.png?resize=35%2C50&amp;ssl=1 35w, https:\/\/i0.wp.com\/www.jakopes.eu\/wp-content\/uploads\/2019\/06\/JAKoPES-plak\u00e1t-koncert-Horak\u016fvka-16.8.2019.png?w=1654&amp;ssl=1 1654w, https:\/\/i0.wp.com\/www.jakopes.eu\/wp-content\/uploads\/2019\/06\/JAKoPES-plak\u00e1t-koncert-Horak\u016fvka-16.8.2019.png?w=1440&amp;ssl=1 1440w\" sizes=\"(max-width: 212px) 100vw, 212px\" data-recalc-dims=\"1\" \/><\/p>\n<p><img loading=\"lazy\" decoding=\"async\" data-attachment-id=\"207\" data-permalink=\"https:\/\/www.jakopes.eu\/?attachment_id=207\" data-orig-file=\"https:\/\/i0.wp.com\/www.jakopes.eu\/wp-content\/uploads\/2019\/06\/JAKoPES-SL\u00cdPCI-2019.png?fit=1654%2C2339&amp;ssl=1\" data-orig-size=\"1654,2339\" data-comments-opened=\"0\" data-image-meta=\"{&quot;aperture&quot;:&quot;0&quot;,&quot;credit&quot;:&quot;&quot;,&quot;camera&quot;:&quot;&quot;,&quot;caption&quot;:&quot;&quot;,&quot;created_timestamp&quot;:&quot;0&quot;,&quot;copyright&quot;:&quot;&quot;,&quot;focal_length&quot;:&quot;0&quot;,&quot;iso&quot;:&quot;0&quot;,&quot;shutter_speed&quot;:&quot;0&quot;,&quot;title&quot;:&quot;&quot;,&quot;orientation&quot;:&quot;0&quot;}\" data-image-title=\"JAKoPES SL\u00cdPCI 2019\" data-image-description=\"\" data-image-caption=\"\" data-medium-file=\"https:\/\/i0.wp.com\/www.jakopes.eu\/wp-content\/uploads\/2019\/06\/JAKoPES-SL\u00cdPCI-2019.png?fit=212%2C300&amp;ssl=1\" data-large-file=\"https:\/\/i0.wp.com\/www.jakopes.eu\/wp-content\/uploads\/2019\/06\/JAKoPES-SL\u00cdPCI-2019.png?fit=720%2C1018&amp;ssl=1\" class=\"alignnone size-medium wp-image-207\" src=\"https:\/\/i0.wp.com\/www.jakopes.eu\/wp-content\/uploads\/2019\/06\/JAKoPES-SL\u00cdPCI-2019.png?resize=212%2C300&#038;ssl=1\" alt=\"\" width=\"212\" height=\"300\" srcset=\"https:\/\/i0.wp.com\/www.jakopes.eu\/wp-content\/uploads\/2019\/06\/JAKoPES-SL\u00cdPCI-2019.png?resize=212%2C300&amp;ssl=1 212w, https:\/\/i0.wp.com\/www.jakopes.eu\/wp-content\/uploads\/2019\/06\/JAKoPES-SL\u00cdPCI-2019.png?resize=768%2C1086&amp;ssl=1 768w, https:\/\/i0.wp.com\/www.jakopes.eu\/wp-content\/uploads\/2019\/06\/JAKoPES-SL\u00cdPCI-2019.png?resize=724%2C1024&amp;ssl=1 724w, https:\/\/i0.wp.com\/www.jakopes.eu\/wp-content\/uploads\/2019\/06\/JAKoPES-SL\u00cdPCI-2019.png?resize=35%2C50&amp;ssl=1 35w, https:\/\/i0.wp.com\/www.jakopes.eu\/wp-content\/uploads\/2019\/06\/JAKoPES-SL\u00cdPCI-2019.png?w=1654&amp;ssl=1 1654w, https:\/\/i0.wp.com\/www.jakopes.eu\/wp-content\/uploads\/2019\/06\/JAKoPES-SL\u00cdPCI-2019.png?w=1440&amp;ssl=1 1440w\" sizes=\"(max-width: 212px) 100vw, 212px\" data-recalc-dims=\"1\" \/><\/p>\n<p><img loading=\"lazy\" decoding=\"async\" data-attachment-id=\"87\" data-permalink=\"https:\/\/www.jakopes.eu\/?attachment_id=87\" data-orig-file=\"https:\/\/i0.wp.com\/www.jakopes.eu\/wp-content\/uploads\/2017\/06\/JAKoPES-plak\u00e1t-mal\u00fd-SOKOL-Bartovice-1.jpg?fit=215%2C288&amp;ssl=1\" data-orig-size=\"215,288\" data-comments-opened=\"1\" data-image-meta=\"{&quot;aperture&quot;:&quot;0&quot;,&quot;credit&quot;:&quot;&quot;,&quot;camera&quot;:&quot;&quot;,&quot;caption&quot;:&quot;&quot;,&quot;created_timestamp&quot;:&quot;0&quot;,&quot;copyright&quot;:&quot;&quot;,&quot;focal_length&quot;:&quot;0&quot;,&quot;iso&quot;:&quot;0&quot;,&quot;shutter_speed&quot;:&quot;0&quot;,&quot;title&quot;:&quot;&quot;,&quot;orientation&quot;:&quot;1&quot;}\" data-image-title=\"JAKoPES plak\u00e1t mal\u00fd SOKOL Bartovice\" data-image-description=\"\" data-image-caption=\"\" data-medium-file=\"https:\/\/i0.wp.com\/www.jakopes.eu\/wp-content\/uploads\/2017\/06\/JAKoPES-plak\u00e1t-mal\u00fd-SOKOL-Bartovice-1.jpg?fit=215%2C288&amp;ssl=1\" data-large-file=\"https:\/\/i0.wp.com\/www.jakopes.eu\/wp-content\/uploads\/2017\/06\/JAKoPES-plak\u00e1t-mal\u00fd-SOKOL-Bartovice-1.jpg?fit=215%2C288&amp;ssl=1\" class=\"alignnone size-full wp-image-87\" src=\"https:\/\/i0.wp.com\/www.jakopes.eu\/wp-content\/uploads\/2017\/06\/JAKoPES-plak\u00e1t-mal\u00fd-SOKOL-Bartovice-1.jpg?resize=215%2C288&#038;ssl=1\" alt=\"\" width=\"215\" height=\"288\" data-recalc-dims=\"1\" \/><\/p>\n","protected":false},"excerpt":{"rendered":"","protected":false},"author":1,"featured_media":0,"parent":0,"menu_order":0,"comment_status":"closed","ping_status":"closed","template":"","meta":{"jetpack_post_was_ever_published":false,"footnotes":""},"class_list":["post-14","page","type-page","status-publish","hentry"],"wppr_data":{"cwp_meta_box_check":"No"},"jetpack_sharing_enabled":true,"jetpack_shortlink":"https:\/\/wp.me\/P98buU-e","jetpack-related-posts":[{"id":27,"url":"https:\/\/www.jakopes.eu\/","url_meta":{"origin":14,"position":0},"title":"Koncerty","author":"admin","date":"06.06.2017","format":false,"excerpt":"Ahoj lidi, leto\u0161n\u00ed hran\u00ed, za\u010d\u00edn\u00e1me v Ostrav\u011b a to 7.3.2026 v Motobaru v Kulturn\u00edm dom\u011b v Bartovic\u00edch (vchod zezadu). Za\u010d\u00e1tek je od 17.00hod. Jeliko\u017e je kapacita omezena, pros\u00edm o zp\u011btnou vazbu, zda se hodl\u00e1te z\u00fa\u010dastnit. \u010cek\u00e1 v\u00e1s p\u00e1r nov\u00fdch p\u00edsni\u010dek a sta\u0159\u00ed kamar\u00e1di. Parkov\u00e1n\u00ed je p\u0159ed kultur\u00e1kem. Jeliko\u017e se kultur\u00e1k\u2026","rel":"","context":"Similar post","block_context":{"text":"Similar post","link":""},"img":{"alt_text":"","src":"https:\/\/i0.wp.com\/www.jakopes.eu\/wp-content\/uploads\/2019\/06\/JAKoPES-SL\u00cdPCI-2019-e1561403961139.jpg?fit=230%2C325&ssl=1&resize=350%2C200","width":350,"height":200},"classes":[]},{"id":23,"url":"https:\/\/www.jakopes.eu\/?page_id=23","url_meta":{"origin":14,"position":1},"title":"Texty","author":"admin","date":"06.06.2017","format":false,"excerpt":"Chlap\u00edk od dr\u00e1hy\u00a0\u00a0\u00a0\u00a0\u00a0\u00a0\u00a0\u00a0\u00a0\u00a0\u00a0\u00a0\u00a0\u00a0\u00a0\u00a0\u00a0\u00a0\u00a0\u00a0\u00a0\u00a0\u00a0 J K\u0159etinsk\u00fd\/J K\u0159etinsk\u00fd J\u00e1 v\u017edycky r\u00e1d jezdil tou trat\u00ed, co m\u00e1 to mal\u00fd n\u00e1dra\u017e\u00ed. L\u00edstky prod\u00e1val jeden chlap\u00edk, co v\u00e1m m\u011bl \u00fasm\u011bv ve tv\u00e1\u0159i. \u010cepici starou sam\u00fd saze a bl\u016fzu stokr\u00e1t vypranou, kdy\u017e prod\u00e1val mi jednou l\u00edstek, \u0159ek' mi tu pravdu nepsanou. \u00a0 Rf: Mn\u011b ke \u0161t\u011bst\u00ed\u2026","rel":"","context":"Similar post","block_context":{"text":"Similar post","link":""},"img":{"alt_text":"","src":"","width":0,"height":0},"classes":[]},{"id":111,"url":"https:\/\/www.jakopes.eu\/?page_id=111","url_meta":{"origin":14,"position":2},"title":"Kontakt","author":"admin","date":"11.09.2017","format":false,"excerpt":"Spojen\u00ed na n\u00e1s: Jarom\u00edr K\u0159etinsk\u00fd\u00a0 .... 725747101\u00a0 ........\u00a0\u00a0 jakopes@jakopes.eu Petr Smutn\u00fd\u00a0 ......... 602827908\u00a0 ........\u00a0\u00a0 jakopes@jakopes.eu \u00a0 \u00a0","rel":"","context":"Similar post","block_context":{"text":"Similar post","link":""},"img":{"alt_text":"","src":"","width":0,"height":0},"classes":[]}],"_links":{"self":[{"href":"https:\/\/www.jakopes.eu\/index.php?rest_route=\/wp\/v2\/pages\/14"}],"collection":[{"href":"https:\/\/www.jakopes.eu\/index.php?rest_route=\/wp\/v2\/pages"}],"about":[{"href":"https:\/\/www.jakopes.eu\/index.php?rest_route=\/wp\/v2\/types\/page"}],"author":[{"embeddable":true,"href":"https:\/\/www.jakopes.eu\/index.php?rest_route=\/wp\/v2\/users\/1"}],"replies":[{"embeddable":true,"href":"https:\/\/www.jakopes.eu\/index.php?rest_route=%2Fwp%2Fv2%2Fcomments&post=14"}],"version-history":[{"count":5,"href":"https:\/\/www.jakopes.eu\/index.php?rest_route=\/wp\/v2\/pages\/14\/revisions"}],"predecessor-version":[{"id":210,"href":"https:\/\/www.jakopes.eu\/index.php?rest_route=\/wp\/v2\/pages\/14\/revisions\/210"}],"wp:attachment":[{"href":"https:\/\/www.jakopes.eu\/index.php?rest_route=%2Fwp%2Fv2%2Fmedia&parent=14"}],"curies":[{"name":"wp","href":"https:\/\/api.w.org\/{rel}","templated":true}]}}