{"id":23,"date":"2017-06-06T21:44:50","date_gmt":"2017-06-06T19:44:50","guid":{"rendered":"https:\/\/www.jakopes.eu\/?page_id=23"},"modified":"2017-06-07T21:36:14","modified_gmt":"2017-06-07T19:36:14","slug":"texty","status":"publish","type":"page","link":"https:\/\/www.jakopes.eu\/?page_id=23","title":{"rendered":"Texty"},"content":{"rendered":"<p><strong>Chlap\u00edk od dr\u00e1hy\u00a0\u00a0\u00a0\u00a0\u00a0\u00a0\u00a0\u00a0\u00a0\u00a0\u00a0\u00a0\u00a0\u00a0\u00a0\u00a0\u00a0\u00a0\u00a0\u00a0\u00a0\u00a0\u00a0 J K\u0159etinsk\u00fd\/J K\u0159etinsk\u00fd<\/strong><\/p>\n<p>J\u00e1 v\u017edycky r\u00e1d jezdil tou trat\u00ed, co m\u00e1 to mal\u00fd n\u00e1dra\u017e\u00ed.<\/p>\n<p>L\u00edstky prod\u00e1val jeden chlap\u00edk, co v\u00e1m m\u011bl \u00fasm\u011bv ve tv\u00e1\u0159i.<\/p>\n<p>\u010cepici starou sam\u00fd saze a bl\u016fzu stokr\u00e1t vypranou,<\/p>\n<p>kdy\u017e prod\u00e1val mi jednou l\u00edstek, \u0159ek&#8217; mi tu pravdu nepsanou.<\/p>\n<p>&nbsp;<\/p>\n<p>Rf: Mn\u011b ke \u0161t\u011bst\u00ed \u00fapln\u011b sta\u010d\u00ed,<\/p>\n<p>kdy\u017e kolej slunce odr\u00e1\u017e\u00ed,<\/p>\n<p>a v\u016fn\u011b karbolovejch pra\u017ec\u016f,<\/p>\n<p>provon\u00ed cel\u00fd n\u00e1dra\u017e\u00ed.<\/p>\n<p>&nbsp;<\/p>\n<p><strong>Jaro\u00a0\u00a0\u00a0\u00a0\u00a0\u00a0\u00a0\u00a0\u00a0\u00a0\u00a0\u00a0\u00a0\u00a0\u00a0\u00a0\u00a0\u00a0\u00a0\u00a0\u00a0\u00a0\u00a0\u00a0\u00a0\u00a0\u00a0\u00a0\u00a0\u00a0\u00a0\u00a0\u00a0\u00a0\u00a0\u00a0 \u00a0 \u00a0 \u00a0 \u00a0\u00a0 J K\u0159etinsk\u00fd\/J K\u0159etinsk\u00fd<\/strong><\/p>\n<p>U\u017e v\u00edtr sfoukl spadan\u00e9 list\u00ed, slunce\u00a0 zav\u0159elo kr\u00e1m<\/p>\n<p>posledn\u00ed\u00a0\u00a0 sfoukne sv\u00ed\u010dku, dve\u0159e\u00a0\u00a0 kl\u00ed\u010dem zamyk\u00e1m.<\/p>\n<p>Mraz\u00edk krajkou zast\u0159el lou\u017ei, pan\u00ed\u00a0\u00a0\u00a0 zima m\u00e1 sv\u016fj \u0161arm.<\/p>\n<p>Trp\u011bliv\u011b \u010dek\u00e1 b\u0159\u00edza, a\u017e se\u00a0 jaro vr\u00e1t\u00ed zas k\u00a0n\u00e1m<\/p>\n<p>Rf.:\u00a0\u00a0\u00a0 Vr\u00e1t\u00ed k\u00a0n\u00e1\u00a0 \u2013\u00a0\u00a0 \u00e1\u00a0\u00a0 \u2013\u00a0\u00a0 \u00e1m,\u00a0\u00a0\u00a0\u00a0\u00a0\u00a0\u00a0\u00a0\u00a0 zas bude zelen\u00e9 list\u00ed<\/p>\n<p><strong>\u00a0\u00a0\u00a0\u00a0\u00a0\u00a0\u00a0\u00a0\u00a0\u00a0 <\/strong>Vr\u00e1t\u00ed\u00a0 k\u00a0n\u00e1\u00a0 &#8211;\u00a0\u00a0 \u00e1\u00a0 \u2013 \u00e1\u00a0\u00a0 m,\u00a0\u00a0\u00a0\u00a0\u00a0\u00a0\u00a0\u00a0 vr\u00e1t\u00ed se, bu\u010fte si jist\u00ed.<\/p>\n","protected":false},"excerpt":{"rendered":"<p>Chlap\u00edk od dr\u00e1hy\u00a0\u00a0\u00a0\u00a0\u00a0\u00a0\u00a0\u00a0\u00a0\u00a0\u00a0\u00a0\u00a0\u00a0\u00a0\u00a0\u00a0\u00a0\u00a0\u00a0\u00a0\u00a0\u00a0 J K\u0159etinsk\u00fd\/J K\u0159etinsk\u00fd J\u00e1 v\u017edycky r\u00e1d jezdil tou trat\u00ed, co m\u00e1 to mal\u00fd n\u00e1dra\u017e\u00ed. L\u00edstky prod\u00e1val jeden chlap\u00edk, co v\u00e1m m\u011bl \u00fasm\u011bv ve tv\u00e1\u0159i. \u010cepici starou sam\u00fd saze a bl\u016fzu stokr\u00e1t vypranou, kdy\u017e prod\u00e1val mi jednou l\u00edstek, \u0159ek&#8217; mi tu pravdu nepsanou. &nbsp; Rf: Mn\u011b ke \u0161t\u011bst\u00ed \u00fapln\u011b sta\u010d\u00ed, kdy\u017e kolej slunce [&hellip;]<\/p>\n","protected":false},"author":1,"featured_media":0,"parent":0,"menu_order":1,"comment_status":"closed","ping_status":"closed","template":"","meta":{"jetpack_post_was_ever_published":false,"footnotes":""},"class_list":["post-23","page","type-page","status-publish","hentry"],"wppr_data":[],"jetpack_sharing_enabled":true,"jetpack_shortlink":"https:\/\/wp.me\/P98buU-n","jetpack-related-posts":[{"id":46,"url":"https:\/\/www.jakopes.eu\/?page_id=46","url_meta":{"origin":23,"position":0},"title":"Uk\u00e1zky v MP3","author":"admin","date":"06.06.2017","format":false,"excerpt":"Prst\u00fdnek z tr\u00e1vy\u00a0 ............ \u00a0 J K\u0159etinsk\u00fd \/ J K\u0159etinsk\u00fd Hororov\u00e1\u00a0 ..........\u00a0 J K\u0159etinsk\u00fd \/ J K\u0159etinsk\u00fd Pendolino blues\u00a0 ..........\u00a0 J K\u0159etinsk\u00fd \/ J K\u0159etinsk\u00fd Mot\u00fdl\u00a0 ..........\u00a0 J K\u0159etinsk\u00fd \/ J K\u0159etinsk\u00fd","rel":"","context":"Similar post","block_context":{"text":"Similar post","link":""},"img":{"alt_text":"","src":"","width":0,"height":0},"classes":[]},{"id":111,"url":"https:\/\/www.jakopes.eu\/?page_id=111","url_meta":{"origin":23,"position":1},"title":"Kontakt","author":"admin","date":"11.09.2017","format":false,"excerpt":"Spojen\u00ed na n\u00e1s: Jarom\u00edr K\u0159etinsk\u00fd\u00a0 .... 725747101\u00a0 ........\u00a0\u00a0 jakopes@jakopes.eu Petr Smutn\u00fd\u00a0 ......... 602827908\u00a0 ........\u00a0\u00a0 jakopes@jakopes.eu \u00a0 \u00a0","rel":"","context":"Similar post","block_context":{"text":"Similar post","link":""},"img":{"alt_text":"","src":"","width":0,"height":0},"classes":[]},{"id":27,"url":"https:\/\/www.jakopes.eu\/","url_meta":{"origin":23,"position":2},"title":"Koncerty","author":"admin","date":"06.06.2017","format":false,"excerpt":"Ahoj lidi, leto\u0161n\u00ed hran\u00ed, za\u010d\u00edn\u00e1me v Ostrav\u011b a to 7.3.2026 v Motobaru v Kulturn\u00edm dom\u011b v Bartovic\u00edch (vchod zezadu). Za\u010d\u00e1tek je od 17.00hod. Jeliko\u017e je kapacita omezena, pros\u00edm o zp\u011btnou vazbu, zda se hodl\u00e1te z\u00fa\u010dastnit. \u010cek\u00e1 v\u00e1s p\u00e1r nov\u00fdch p\u00edsni\u010dek a sta\u0159\u00ed kamar\u00e1di. Parkov\u00e1n\u00ed je p\u0159ed kultur\u00e1kem. Jeliko\u017e se kultur\u00e1k\u2026","rel":"","context":"Similar post","block_context":{"text":"Similar post","link":""},"img":{"alt_text":"","src":"https:\/\/i0.wp.com\/www.jakopes.eu\/wp-content\/uploads\/2019\/06\/JAKoPES-SL\u00cdPCI-2019-e1561403961139.jpg?fit=230%2C325&ssl=1&resize=350%2C200","width":350,"height":200},"classes":[]},{"id":14,"url":"https:\/\/www.jakopes.eu\/?page_id=14","url_meta":{"origin":23,"position":3},"title":"Plak\u00e1t na koncert","author":"admin","date":"06.06.2017","format":false,"excerpt":"","rel":"","context":"Similar post","block_context":{"text":"Similar post","link":""},"img":{"alt_text":"","src":"","width":0,"height":0},"classes":[]}],"_links":{"self":[{"href":"https:\/\/www.jakopes.eu\/index.php?rest_route=\/wp\/v2\/pages\/23"}],"collection":[{"href":"https:\/\/www.jakopes.eu\/index.php?rest_route=\/wp\/v2\/pages"}],"about":[{"href":"https:\/\/www.jakopes.eu\/index.php?rest_route=\/wp\/v2\/types\/page"}],"author":[{"embeddable":true,"href":"https:\/\/www.jakopes.eu\/index.php?rest_route=\/wp\/v2\/users\/1"}],"replies":[{"embeddable":true,"href":"https:\/\/www.jakopes.eu\/index.php?rest_route=%2Fwp%2Fv2%2Fcomments&post=23"}],"version-history":[{"count":2,"href":"https:\/\/www.jakopes.eu\/index.php?rest_route=\/wp\/v2\/pages\/23\/revisions"}],"predecessor-version":[{"id":77,"href":"https:\/\/www.jakopes.eu\/index.php?rest_route=\/wp\/v2\/pages\/23\/revisions\/77"}],"wp:attachment":[{"href":"https:\/\/www.jakopes.eu\/index.php?rest_route=%2Fwp%2Fv2%2Fmedia&parent=23"}],"curies":[{"name":"wp","href":"https:\/\/api.w.org\/{rel}","templated":true}]}}