{"id":60,"date":"2017-06-07T20:56:26","date_gmt":"2017-06-07T18:56:26","guid":{"rendered":"https:\/\/www.jakopes.eu\/?page_id=60"},"modified":"2019-03-05T21:48:21","modified_gmt":"2019-03-05T20:48:21","slug":"fotky","status":"publish","type":"page","link":"https:\/\/www.jakopes.eu\/?page_id=60","title":{"rendered":"Fotky"},"content":{"rendered":"<p>Horak\u016fvka 1.b\u0159ezna 2019<\/p>\n<p><img loading=\"lazy\" decoding=\"async\" data-attachment-id=\"158\" data-permalink=\"https:\/\/www.jakopes.eu\/?attachment_id=158\" data-orig-file=\"https:\/\/i0.wp.com\/www.jakopes.eu\/wp-content\/uploads\/2019\/03\/DSC_0116-e1551817391989.jpg?fit=449%2C300&amp;ssl=1\" data-orig-size=\"449,300\" data-comments-opened=\"0\" data-image-meta=\"{&quot;aperture&quot;:&quot;5.6&quot;,&quot;credit&quot;:&quot;&quot;,&quot;camera&quot;:&quot;NIKON D5300&quot;,&quot;caption&quot;:&quot;&quot;,&quot;created_timestamp&quot;:&quot;1551465578&quot;,&quot;copyright&quot;:&quot;&quot;,&quot;focal_length&quot;:&quot;50&quot;,&quot;iso&quot;:&quot;5000&quot;,&quot;shutter_speed&quot;:&quot;0.005&quot;,&quot;title&quot;:&quot;&quot;,&quot;orientation&quot;:&quot;1&quot;}\" data-image-title=\"DSC_0116\" data-image-description=\"\" data-image-caption=\"\" data-medium-file=\"https:\/\/i0.wp.com\/www.jakopes.eu\/wp-content\/uploads\/2019\/03\/DSC_0116-e1551817391989.jpg?fit=300%2C200&amp;ssl=1\" data-large-file=\"https:\/\/i0.wp.com\/www.jakopes.eu\/wp-content\/uploads\/2019\/03\/DSC_0116-e1551817391989.jpg?fit=720%2C480&amp;ssl=1\" class=\"alignnone size-medium wp-image-158\" src=\"https:\/\/i0.wp.com\/www.jakopes.eu\/wp-content\/uploads\/2019\/03\/DSC_0116.jpg?resize=300%2C200&#038;ssl=1\" alt=\"\" width=\"300\" height=\"200\" data-recalc-dims=\"1\" \/><\/p>\n<p><img loading=\"lazy\" decoding=\"async\" data-attachment-id=\"156\" data-permalink=\"https:\/\/www.jakopes.eu\/?attachment_id=156\" data-orig-file=\"https:\/\/i0.wp.com\/www.jakopes.eu\/wp-content\/uploads\/2019\/03\/DSC_0108-e1551816550388.jpg?fit=449%2C300&amp;ssl=1\" data-orig-size=\"449,300\" data-comments-opened=\"0\" data-image-meta=\"{&quot;aperture&quot;:&quot;5.6&quot;,&quot;credit&quot;:&quot;&quot;,&quot;camera&quot;:&quot;NIKON D5300&quot;,&quot;caption&quot;:&quot;&quot;,&quot;created_timestamp&quot;:&quot;1551464832&quot;,&quot;copyright&quot;:&quot;&quot;,&quot;focal_length&quot;:&quot;105&quot;,&quot;iso&quot;:&quot;2500&quot;,&quot;shutter_speed&quot;:&quot;0.016666666666667&quot;,&quot;title&quot;:&quot;&quot;,&quot;orientation&quot;:&quot;1&quot;}\" data-image-title=\"DSC_0108\" data-image-description=\"\" data-image-caption=\"&lt;p&gt;Horak\u016fvka 1.b\u0159ezna 2019&lt;\/p&gt;\n\" data-medium-file=\"https:\/\/i0.wp.com\/www.jakopes.eu\/wp-content\/uploads\/2019\/03\/DSC_0108-e1551816550388.jpg?fit=300%2C200&amp;ssl=1\" data-large-file=\"https:\/\/i0.wp.com\/www.jakopes.eu\/wp-content\/uploads\/2019\/03\/DSC_0108-e1551816550388.jpg?fit=720%2C480&amp;ssl=1\" class=\"size-medium wp-image-156\" src=\"https:\/\/i0.wp.com\/www.jakopes.eu\/wp-content\/uploads\/2019\/03\/DSC_0108.jpg?resize=300%2C200&#038;ssl=1\" alt=\"\" width=\"300\" height=\"200\" data-recalc-dims=\"1\" \/><\/p>\n<p>Restaurace SOKOL &#8222;U Sl\u00edpk\u016f&#8220; Bartovice, T\u011b\u0161\u00ednsk\u00e1 ulice\u00a0\u00a0 1.7.2017<\/p>\n<p><img loading=\"lazy\" decoding=\"async\" data-attachment-id=\"95\" data-permalink=\"https:\/\/www.jakopes.eu\/?attachment_id=95\" data-orig-file=\"https:\/\/i0.wp.com\/www.jakopes.eu\/wp-content\/uploads\/2017\/08\/IMG_2324.jpg?fit=3412%2C1920&amp;ssl=1\" data-orig-size=\"3412,1920\" data-comments-opened=\"0\" data-image-meta=\"{&quot;aperture&quot;:&quot;1.8&quot;,&quot;credit&quot;:&quot;&quot;,&quot;camera&quot;:&quot;iPhone 7 Plus&quot;,&quot;caption&quot;:&quot;&quot;,&quot;created_timestamp&quot;:&quot;1498939526&quot;,&quot;copyright&quot;:&quot;&quot;,&quot;focal_length&quot;:&quot;3.99&quot;,&quot;iso&quot;:&quot;50&quot;,&quot;shutter_speed&quot;:&quot;0.02&quot;,&quot;title&quot;:&quot;&quot;,&quot;orientation&quot;:&quot;0&quot;}\" data-image-title=\"IMG_2324\" data-image-description=\"\" data-image-caption=\"\" data-medium-file=\"https:\/\/i0.wp.com\/www.jakopes.eu\/wp-content\/uploads\/2017\/08\/IMG_2324.jpg?fit=300%2C169&amp;ssl=1\" data-large-file=\"https:\/\/i0.wp.com\/www.jakopes.eu\/wp-content\/uploads\/2017\/08\/IMG_2324.jpg?fit=720%2C405&amp;ssl=1\" class=\"alignnone size-medium wp-image-95\" src=\"https:\/\/i0.wp.com\/www.jakopes.eu\/wp-content\/uploads\/2017\/08\/IMG_2324.jpg?resize=300%2C169&#038;ssl=1\" alt=\"\" width=\"300\" height=\"169\" srcset=\"https:\/\/i0.wp.com\/www.jakopes.eu\/wp-content\/uploads\/2017\/08\/IMG_2324.jpg?resize=300%2C169&amp;ssl=1 300w, https:\/\/i0.wp.com\/www.jakopes.eu\/wp-content\/uploads\/2017\/08\/IMG_2324.jpg?resize=768%2C432&amp;ssl=1 768w, https:\/\/i0.wp.com\/www.jakopes.eu\/wp-content\/uploads\/2017\/08\/IMG_2324.jpg?resize=1024%2C576&amp;ssl=1 1024w, https:\/\/i0.wp.com\/www.jakopes.eu\/wp-content\/uploads\/2017\/08\/IMG_2324.jpg?resize=685%2C385&amp;ssl=1 685w, https:\/\/i0.wp.com\/www.jakopes.eu\/wp-content\/uploads\/2017\/08\/IMG_2324.jpg?resize=2000%2C1125&amp;ssl=1 2000w, https:\/\/i0.wp.com\/www.jakopes.eu\/wp-content\/uploads\/2017\/08\/IMG_2324.jpg?w=1440&amp;ssl=1 1440w, https:\/\/i0.wp.com\/www.jakopes.eu\/wp-content\/uploads\/2017\/08\/IMG_2324.jpg?w=2160&amp;ssl=1 2160w\" sizes=\"(max-width: 300px) 100vw, 300px\" data-recalc-dims=\"1\" \/><img loading=\"lazy\" decoding=\"async\" data-attachment-id=\"7\" data-permalink=\"https:\/\/www.jakopes.eu\/?attachment_id=7\" data-orig-file=\"https:\/\/i0.wp.com\/www.jakopes.eu\/wp-content\/uploads\/2017\/06\/cropped-Plak\u00e1t-JAKoPES-verze-\u010derven-2017-1.jpg?fit=2000%2C799&amp;ssl=1\" data-orig-size=\"2000,799\" data-comments-opened=\"1\" data-image-meta=\"{&quot;aperture&quot;:&quot;0&quot;,&quot;credit&quot;:&quot;&quot;,&quot;camera&quot;:&quot;&quot;,&quot;caption&quot;:&quot;&quot;,&quot;created_timestamp&quot;:&quot;0&quot;,&quot;copyright&quot;:&quot;&quot;,&quot;focal_length&quot;:&quot;0&quot;,&quot;iso&quot;:&quot;0&quot;,&quot;shutter_speed&quot;:&quot;0&quot;,&quot;title&quot;:&quot;&quot;,&quot;orientation&quot;:&quot;0&quot;}\" data-image-title=\"cropped-Plak\u00e1t-JAKoPES-verze-\u010derven-2017-1.jpg\" data-image-description=\"\" data-image-caption=\"\" data-medium-file=\"https:\/\/i0.wp.com\/www.jakopes.eu\/wp-content\/uploads\/2017\/06\/cropped-Plak\u00e1t-JAKoPES-verze-\u010derven-2017-1.jpg?fit=300%2C120&amp;ssl=1\" data-large-file=\"https:\/\/i0.wp.com\/www.jakopes.eu\/wp-content\/uploads\/2017\/06\/cropped-Plak\u00e1t-JAKoPES-verze-\u010derven-2017-1.jpg?fit=720%2C288&amp;ssl=1\" class=\"alignnone size-medium wp-image-7\" src=\"https:\/\/i0.wp.com\/www.jakopes.eu\/wp-content\/uploads\/2017\/06\/cropped-Plak\u00e1t-JAKoPES-verze-\u010derven-2017-1.jpg?resize=300%2C120&#038;ssl=1\" alt=\"\" width=\"300\" height=\"120\" srcset=\"https:\/\/i0.wp.com\/www.jakopes.eu\/wp-content\/uploads\/2017\/06\/cropped-Plak\u00e1t-JAKoPES-verze-\u010derven-2017-1.jpg?resize=300%2C120&amp;ssl=1 300w, https:\/\/i0.wp.com\/www.jakopes.eu\/wp-content\/uploads\/2017\/06\/cropped-Plak\u00e1t-JAKoPES-verze-\u010derven-2017-1.jpg?resize=768%2C307&amp;ssl=1 768w, https:\/\/i0.wp.com\/www.jakopes.eu\/wp-content\/uploads\/2017\/06\/cropped-Plak\u00e1t-JAKoPES-verze-\u010derven-2017-1.jpg?resize=1024%2C409&amp;ssl=1 1024w, https:\/\/i0.wp.com\/www.jakopes.eu\/wp-content\/uploads\/2017\/06\/cropped-Plak\u00e1t-JAKoPES-verze-\u010derven-2017-1.jpg?resize=685%2C274&amp;ssl=1 685w, https:\/\/i0.wp.com\/www.jakopes.eu\/wp-content\/uploads\/2017\/06\/cropped-Plak\u00e1t-JAKoPES-verze-\u010derven-2017-1.jpg?w=2000&amp;ssl=1 2000w, https:\/\/i0.wp.com\/www.jakopes.eu\/wp-content\/uploads\/2017\/06\/cropped-Plak\u00e1t-JAKoPES-verze-\u010derven-2017-1.jpg?w=1440&amp;ssl=1 1440w\" sizes=\"(max-width: 300px) 100vw, 300px\" data-recalc-dims=\"1\" \/><\/p>\n<p>Vaje\u010dina \u010cRS \u0160enov 20.5.2017<\/p>\n<p><img loading=\"lazy\" decoding=\"async\" data-attachment-id=\"67\" data-permalink=\"https:\/\/www.jakopes.eu\/?attachment_id=67\" data-orig-file=\"https:\/\/i0.wp.com\/www.jakopes.eu\/wp-content\/uploads\/2017\/06\/Vajecina0120-2017.jpg?fit=874%2C577&amp;ssl=1\" data-orig-size=\"874,577\" data-comments-opened=\"1\" data-image-meta=\"{&quot;aperture&quot;:&quot;0&quot;,&quot;credit&quot;:&quot;&quot;,&quot;camera&quot;:&quot;&quot;,&quot;caption&quot;:&quot;&quot;,&quot;created_timestamp&quot;:&quot;0&quot;,&quot;copyright&quot;:&quot;&quot;,&quot;focal_length&quot;:&quot;0&quot;,&quot;iso&quot;:&quot;0&quot;,&quot;shutter_speed&quot;:&quot;0&quot;,&quot;title&quot;:&quot;&quot;,&quot;orientation&quot;:&quot;0&quot;}\" data-image-title=\"Vajecina0120 2017\" data-image-description=\"\" data-image-caption=\"\" data-medium-file=\"https:\/\/i0.wp.com\/www.jakopes.eu\/wp-content\/uploads\/2017\/06\/Vajecina0120-2017.jpg?fit=300%2C198&amp;ssl=1\" data-large-file=\"https:\/\/i0.wp.com\/www.jakopes.eu\/wp-content\/uploads\/2017\/06\/Vajecina0120-2017.jpg?fit=720%2C475&amp;ssl=1\" class=\"size-medium wp-image-67 alignleft\" src=\"https:\/\/i0.wp.com\/www.jakopes.eu\/wp-content\/uploads\/2017\/06\/Vajecina0120-2017.jpg?resize=300%2C198&#038;ssl=1\" alt=\"\" width=\"300\" height=\"198\" srcset=\"https:\/\/i0.wp.com\/www.jakopes.eu\/wp-content\/uploads\/2017\/06\/Vajecina0120-2017.jpg?resize=300%2C198&amp;ssl=1 300w, https:\/\/i0.wp.com\/www.jakopes.eu\/wp-content\/uploads\/2017\/06\/Vajecina0120-2017.jpg?resize=768%2C507&amp;ssl=1 768w, https:\/\/i0.wp.com\/www.jakopes.eu\/wp-content\/uploads\/2017\/06\/Vajecina0120-2017.jpg?resize=685%2C452&amp;ssl=1 685w, https:\/\/i0.wp.com\/www.jakopes.eu\/wp-content\/uploads\/2017\/06\/Vajecina0120-2017.jpg?w=874&amp;ssl=1 874w\" sizes=\"(max-width: 300px) 100vw, 300px\" data-recalc-dims=\"1\" \/> <img loading=\"lazy\" decoding=\"async\" data-attachment-id=\"68\" data-permalink=\"https:\/\/www.jakopes.eu\/?attachment_id=68\" data-orig-file=\"https:\/\/i0.wp.com\/www.jakopes.eu\/wp-content\/uploads\/2017\/06\/Vajecina0111-2017.jpg?fit=869%2C578&amp;ssl=1\" data-orig-size=\"869,578\" data-comments-opened=\"1\" data-image-meta=\"{&quot;aperture&quot;:&quot;0&quot;,&quot;credit&quot;:&quot;&quot;,&quot;camera&quot;:&quot;&quot;,&quot;caption&quot;:&quot;&quot;,&quot;created_timestamp&quot;:&quot;0&quot;,&quot;copyright&quot;:&quot;&quot;,&quot;focal_length&quot;:&quot;0&quot;,&quot;iso&quot;:&quot;0&quot;,&quot;shutter_speed&quot;:&quot;0&quot;,&quot;title&quot;:&quot;&quot;,&quot;orientation&quot;:&quot;0&quot;}\" data-image-title=\"Vajecina0111 2017\" data-image-description=\"\" data-image-caption=\"\" data-medium-file=\"https:\/\/i0.wp.com\/www.jakopes.eu\/wp-content\/uploads\/2017\/06\/Vajecina0111-2017.jpg?fit=300%2C200&amp;ssl=1\" data-large-file=\"https:\/\/i0.wp.com\/www.jakopes.eu\/wp-content\/uploads\/2017\/06\/Vajecina0111-2017.jpg?fit=720%2C479&amp;ssl=1\" class=\"size-medium wp-image-68 alignleft\" src=\"https:\/\/i0.wp.com\/www.jakopes.eu\/wp-content\/uploads\/2017\/06\/Vajecina0111-2017.jpg?resize=300%2C200&#038;ssl=1\" alt=\"\" width=\"300\" height=\"200\" srcset=\"https:\/\/i0.wp.com\/www.jakopes.eu\/wp-content\/uploads\/2017\/06\/Vajecina0111-2017.jpg?resize=300%2C200&amp;ssl=1 300w, https:\/\/i0.wp.com\/www.jakopes.eu\/wp-content\/uploads\/2017\/06\/Vajecina0111-2017.jpg?resize=768%2C511&amp;ssl=1 768w, https:\/\/i0.wp.com\/www.jakopes.eu\/wp-content\/uploads\/2017\/06\/Vajecina0111-2017.jpg?resize=685%2C456&amp;ssl=1 685w, https:\/\/i0.wp.com\/www.jakopes.eu\/wp-content\/uploads\/2017\/06\/Vajecina0111-2017.jpg?resize=342%2C228&amp;ssl=1 342w, https:\/\/i0.wp.com\/www.jakopes.eu\/wp-content\/uploads\/2017\/06\/Vajecina0111-2017.jpg?w=869&amp;ssl=1 869w\" sizes=\"(max-width: 300px) 100vw, 300px\" data-recalc-dims=\"1\" \/><\/p>\n","protected":false},"excerpt":{"rendered":"<p>Horak\u016fvka 1.b\u0159ezna 2019 Restaurace SOKOL &#8222;U Sl\u00edpk\u016f&#8220; Bartovice, T\u011b\u0161\u00ednsk\u00e1 ulice\u00a0\u00a0 1.7.2017 Vaje\u010dina \u010cRS \u0160enov 20.5.2017<\/p>\n","protected":false},"author":1,"featured_media":0,"parent":0,"menu_order":0,"comment_status":"closed","ping_status":"closed","template":"","meta":{"jetpack_post_was_ever_published":false,"footnotes":""},"class_list":["post-60","page","type-page","status-publish","hentry"],"wppr_data":{"cwp_meta_box_check":"No"},"jetpack_sharing_enabled":true,"jetpack_shortlink":"https:\/\/wp.me\/P98buU-Y","jetpack-related-posts":[{"id":27,"url":"https:\/\/www.jakopes.eu\/","url_meta":{"origin":60,"position":0},"title":"Koncerty","author":"admin","date":"06.06.2017","format":false,"excerpt":"Ahoj lidi, leto\u0161n\u00ed hran\u00ed, za\u010d\u00edn\u00e1me v Ostrav\u011b a to 7.3.2026 v Motobaru v Kulturn\u00edm dom\u011b v Bartovic\u00edch (vchod zezadu). Za\u010d\u00e1tek je od 17.00hod. Jeliko\u017e je kapacita omezena, pros\u00edm o zp\u011btnou vazbu, zda se hodl\u00e1te z\u00fa\u010dastnit. \u010cek\u00e1 v\u00e1s p\u00e1r nov\u00fdch p\u00edsni\u010dek a sta\u0159\u00ed kamar\u00e1di. Parkov\u00e1n\u00ed je p\u0159ed kultur\u00e1kem. Jeliko\u017e se kultur\u00e1k\u2026","rel":"","context":"Similar post","block_context":{"text":"Similar post","link":""},"img":{"alt_text":"","src":"https:\/\/i0.wp.com\/www.jakopes.eu\/wp-content\/uploads\/2019\/06\/JAKoPES-SL\u00cdPCI-2019-e1561403961139.jpg?fit=230%2C325&ssl=1&resize=350%2C200","width":350,"height":200},"classes":[]}],"_links":{"self":[{"href":"https:\/\/www.jakopes.eu\/index.php?rest_route=\/wp\/v2\/pages\/60"}],"collection":[{"href":"https:\/\/www.jakopes.eu\/index.php?rest_route=\/wp\/v2\/pages"}],"about":[{"href":"https:\/\/www.jakopes.eu\/index.php?rest_route=\/wp\/v2\/types\/page"}],"author":[{"embeddable":true,"href":"https:\/\/www.jakopes.eu\/index.php?rest_route=\/wp\/v2\/users\/1"}],"replies":[{"embeddable":true,"href":"https:\/\/www.jakopes.eu\/index.php?rest_route=%2Fwp%2Fv2%2Fcomments&post=60"}],"version-history":[{"count":10,"href":"https:\/\/www.jakopes.eu\/index.php?rest_route=\/wp\/v2\/pages\/60\/revisions"}],"predecessor-version":[{"id":186,"href":"https:\/\/www.jakopes.eu\/index.php?rest_route=\/wp\/v2\/pages\/60\/revisions\/186"}],"wp:attachment":[{"href":"https:\/\/www.jakopes.eu\/index.php?rest_route=%2Fwp%2Fv2%2Fmedia&parent=60"}],"curies":[{"name":"wp","href":"https:\/\/api.w.org\/{rel}","templated":true}]}}